{"id":800,"date":"2020-02-05T21:06:16","date_gmt":"2020-02-05T21:06:16","guid":{"rendered":"https:\/\/pianosladek.com\/home\/"},"modified":"2026-01-06T10:41:52","modified_gmt":"2026-01-06T09:41:52","slug":"home","status":"publish","type":"page","link":"https:\/\/pianosladek.com\/cs\/","title":{"rendered":"\u017eivotopis"},"content":{"rendered":"<div data-elementor-type=\"wp-page\" data-elementor-id=\"800\" class=\"elementor elementor-800\">\n\t\t\t\t\t\t<section class=\"elementor-section elementor-top-section elementor-element elementor-element-67e1d4f elementor-section-height-min-height elementor-section-full_width elementor-section-height-default elementor-section-items-middle\" data-id=\"67e1d4f\" data-element_type=\"section\" data-e-type=\"section\" data-settings=\"{&quot;background_background&quot;:&quot;classic&quot;}\">\n\t\t\t\t\t\t\t<div class=\"elementor-background-overlay\"><\/div>\n\t\t\t\t\t\t\t<div class=\"elementor-container elementor-column-gap-no\">\n\t\t\t\t\t<div class=\"elementor-column elementor-col-100 elementor-top-column elementor-element elementor-element-003aca3\" data-id=\"003aca3\" data-element_type=\"column\" data-e-type=\"column\">\n\t\t\t<div class=\"elementor-widget-wrap elementor-element-populated\">\n\t\t\t\t\t\t<div class=\"elementor-element elementor-element-cc2b135 elementor-widget elementor-widget-spacer\" data-id=\"cc2b135\" data-element_type=\"widget\" data-e-type=\"widget\" data-widget_type=\"spacer.default\">\n\t\t\t\t<div class=\"elementor-widget-container\">\n\t\t\t\t\t\t\t<div class=\"elementor-spacer\">\n\t\t\t<div class=\"elementor-spacer-inner\"><\/div>\n\t\t<\/div>\n\t\t\t\t\t\t<\/div>\n\t\t\t\t<\/div>\n\t\t\t\t<div class=\"elementor-element elementor-element-0ba439a elementor-widget elementor-widget-image\" data-id=\"0ba439a\" data-element_type=\"widget\" data-e-type=\"widget\" data-widget_type=\"image.default\">\n\t\t\t\t<div class=\"elementor-widget-container\">\n\t\t\t\t\t\t\t\t\t\t\t\t\t\t\t<img fetchpriority=\"high\" decoding=\"async\" width=\"768\" height=\"238\" src=\"https:\/\/pianosladek.com\/wp-content\/uploads\/2022\/07\/White-logo-no-background-768x238.png\" class=\"attachment-medium_large size-medium_large wp-image-2800\" alt=\"\" srcset=\"https:\/\/pianosladek.com\/wp-content\/uploads\/2022\/07\/White-logo-no-background-768x238.png 768w, https:\/\/pianosladek.com\/wp-content\/uploads\/2022\/07\/White-logo-no-background-300x93.png 300w, https:\/\/pianosladek.com\/wp-content\/uploads\/2022\/07\/White-logo-no-background-1024x318.png 1024w, https:\/\/pianosladek.com\/wp-content\/uploads\/2022\/07\/White-logo-no-background-1536x476.png 1536w, https:\/\/pianosladek.com\/wp-content\/uploads\/2022\/07\/White-logo-no-background-2048x635.png 2048w, https:\/\/pianosladek.com\/wp-content\/uploads\/2022\/07\/White-logo-no-background-18x6.png 18w\" sizes=\"(max-width: 768px) 100vw, 768px\" \/>\t\t\t\t\t\t\t\t\t\t\t\t\t\t\t<\/div>\n\t\t\t\t<\/div>\n\t\t\t\t<div class=\"elementor-element elementor-element-9069b8a animated-slow elementor-invisible elementor-widget elementor-widget-heading\" data-id=\"9069b8a\" data-element_type=\"widget\" data-e-type=\"widget\" data-settings=\"{&quot;_animation&quot;:&quot;fadeIn&quot;,&quot;_animation_delay&quot;:500}\" data-widget_type=\"heading.default\">\n\t\t\t\t<div class=\"elementor-widget-container\">\n\t\t\t\t\t<h2 class=\"elementor-heading-title elementor-size-default\">klav\u00edrista<\/h2>\t\t\t\t<\/div>\n\t\t\t\t<\/div>\n\t\t\t\t<div class=\"elementor-element elementor-element-59ce6ee elementor-widget elementor-widget-spacer\" data-id=\"59ce6ee\" data-element_type=\"widget\" data-e-type=\"widget\" data-widget_type=\"spacer.default\">\n\t\t\t\t<div class=\"elementor-widget-container\">\n\t\t\t\t\t\t\t<div class=\"elementor-spacer\">\n\t\t\t<div class=\"elementor-spacer-inner\"><\/div>\n\t\t<\/div>\n\t\t\t\t\t\t<\/div>\n\t\t\t\t<\/div>\n\t\t\t\t<div class=\"elementor-element elementor-element-a7734fe animated-slow elementor-invisible elementor-widget elementor-widget-html\" data-id=\"a7734fe\" data-element_type=\"widget\" data-e-type=\"widget\" data-settings=\"{&quot;_animation&quot;:&quot;fadeIn&quot;,&quot;_animation_delay&quot;:1500}\" data-widget_type=\"html.default\">\n\t\t\t\t<div class=\"elementor-widget-container\">\n\t\t\t\t\t<div class=\"scroll-wrapper\"><a href=\"#biography\"><i class=\"scroll fas fa-chevron-down\"><\/i><\/a>\n\n\n\n<style>\n.scroll-wrapper {text-align:center;}\n.scroll {   \n    font-size: 50px;\n    color: #FFFFFF;\n    \n    \n   -webkit-animation: scrolling 4s ease infinite;\n   -moz-animation: scrolling 4s ease infinite;\n   -o-animation: scrolling 4s  ease infinite;\n   animation: scrolling 4s ease infinite;\n}\n\n@keyframes scrolling {\n  0% {\n    transform: translate(0);\n  }\n \n  50% {\n    transform: translate(0,20px);}\n\n \n  100% {\n     transform: translate(0);\n  }\n}\n<\/style><\/div>\t\t\t\t<\/div>\n\t\t\t\t<\/div>\n\t\t\t\t\t<\/div>\n\t\t<\/div>\n\t\t\t\t\t<\/div>\n\t\t<\/section>\n\t\t\t\t<section class=\"elementor-section elementor-top-section elementor-element elementor-element-9887b81 elementor-section-boxed elementor-section-height-default elementor-section-height-default\" data-id=\"9887b81\" data-element_type=\"section\" data-e-type=\"section\" id=\"bio\" data-settings=\"{&quot;background_background&quot;:&quot;classic&quot;}\">\n\t\t\t\t\t\t<div class=\"elementor-container elementor-column-gap-no\">\n\t\t\t\t\t<div class=\"elementor-column elementor-col-100 elementor-top-column elementor-element elementor-element-c9180b8\" data-id=\"c9180b8\" data-element_type=\"column\" data-e-type=\"column\">\n\t\t\t<div class=\"elementor-widget-wrap elementor-element-populated\">\n\t\t\t\t\t\t<section class=\"elementor-section elementor-inner-section elementor-element elementor-element-ac21457 elementor-section-boxed elementor-section-height-default elementor-section-height-default\" data-id=\"ac21457\" data-element_type=\"section\" data-e-type=\"section\" id=\"biography\" data-settings=\"{&quot;background_background&quot;:&quot;classic&quot;}\">\n\t\t\t\t\t\t<div class=\"elementor-container elementor-column-gap-default\">\n\t\t\t\t\t<div class=\"elementor-column elementor-col-100 elementor-inner-column elementor-element elementor-element-a389eaf\" data-id=\"a389eaf\" data-element_type=\"column\" data-e-type=\"column\">\n\t\t\t<div class=\"elementor-widget-wrap elementor-element-populated\">\n\t\t\t\t\t\t<div class=\"elementor-element elementor-element-10dee1c elementor-widget elementor-widget-text-editor\" data-id=\"10dee1c\" data-element_type=\"widget\" data-e-type=\"widget\" data-widget_type=\"text-editor.default\">\n\t\t\t\t<div class=\"elementor-widget-container\">\n\t\t\t\t\t\t\t\t\t<p class=\"translation-block\">Jakub Sl\u00e1dek je \u010desk\u00fd pianista oce\u0148ovan\u00fd pro svou v\u00fdraznou um\u011bleckou osobnost a \u0161irok\u00fd reperto\u00e1r. Vystupoval po cel\u00e9 Evrop\u011b \u2013 od N\u011bmecka, Rakouska a Francie a\u017e po \u0160pan\u011blsko, \u0158ecko a Velkou Brit\u00e1nii. Poprv\u00e9 se s\u00f3lov\u011b p\u0159edstavil s orchestrem ji\u017e v deseti letech a od t\u00e9 doby jako s\u00f3lista vystoupil nap\u0159\u00edklad s Brn\u011bnskou filharmoni\u00ed, Mlad\u00fdmi brn\u011bnsk\u00fdmi symfoniky, Filharmoni\u00ed Bohuslava Martin\u016f, PKF \u2013 Prague Philharmonia, Moravskou filharmoni\u00ed Olomouc, \u010ceskou studentskou filharmoni\u00ed a Jan\u00e1\u010dkovou filharmoni\u00ed Ostrava.<\/p><p>A prizewinner at numerous national and international competitions \u2013 including Virtuosi per Musica di Pianoforte, AMADEUS, Prague Junior Note, International Piano Competition Ko\u0161ice, the National Piano Competition of Art Schools in Czech Republic, \u201cA Step towards mastery\u201d Piano Competition in St. Petersburg, the Ettlingen Piano Competition in Germany, the International Leo\u0161 Jan\u00e1\u010dek Piano Competition, the Marbella International Piano Competition, the Campillos International Piano Competition, etc. \u2013 he became one of twelve finalists of the 65th Busoni International Piano Competition in 2025. He is currently undertaking a major long-term recording project for Toccata Classics: the complete piano works of the late 20th-century Czech \u00e9migr\u00e9 composer Jan Nov\u00e1k, to be released over three CDs in the coming decade.<\/p><p>Hudebn\u00ed cesta Jakuba Sl\u00e1dka za\u010dala v jeho \u0161esti letech v rodn\u00e9m Brn\u011b. Magistersk\u00e9 studium absolvoval na pra\u017esk\u00e9 HAMU u Franti\u0161ka Mal\u00e9ho, kde obdr\u017eel cenu Nadje\u017edy Pochlebinov\u00e9-Sa\u017einov\u00e9 pro nejlep\u0161\u00edho absolventa klav\u00edrn\u00edho odd\u011blen\u00ed. V roce 2023 zakon\u010dil s vyznamen\u00e1n\u00edm program Artist Diploma na Guildhall School of Music &amp; Drama v Lond\u00fdn\u011b, kde studoval u Ronana O\u2019Hory a Noriko Ogawy. Jeho um\u011bleck\u00fd r\u016fst d\u00e1le formovala intenzivn\u00ed spolupr\u00e1ce s Ivanem Kl\u00e1nsk\u00fdm, Avedisem Kouyoumdjianem a Viktori\u00ed \u0160vihl\u00edkovou, stejn\u011b jako mistrovsk\u00e9 kurzy u v\u00fdznamn\u00fdch pianist\u016f, nap\u0159\u00edklad Dame Imogen Cooperov\u00e9, Christiana Blackshawa, Joanny MacGregorov\u00e9, Cristiny Ortiz, Luk\u00e1\u0161e Vondr\u00e1\u010dka, Andrea Bonatty \u010di Grigoryho Gruzmana.<\/p><p>Je dr\u017eitelem ceny Yamaha Music Foundation of Europe a je vd\u011b\u010dn\u00fd za podporu organizac\u00ed Talent Unlimited Trust, Drake Calleja Trust, Kathleen Trust, Nadace \u010cesk\u00fd hudebn\u00ed fond, Nadace Jana Husa a Ministerstva kultury \u010cesk\u00e9 republiky.<\/p>\t\t\t\t\t\t\t\t<\/div>\n\t\t\t\t<\/div>\n\t\t\t\t\t<\/div>\n\t\t<\/div>\n\t\t\t\t\t<\/div>\n\t\t<\/section>\n\t\t\t\t\t<\/div>\n\t\t<\/div>\n\t\t\t\t\t<\/div>\n\t\t<\/section>\n\t\t\t\t<section class=\"elementor-section elementor-top-section elementor-element elementor-element-0b8fb36 elementor-section-boxed elementor-section-height-default elementor-section-height-default\" data-id=\"0b8fb36\" data-element_type=\"section\" data-e-type=\"section\">\n\t\t\t\t\t\t<div class=\"elementor-container elementor-column-gap-default\">\n\t\t\t\t\t<div class=\"elementor-column elementor-col-100 elementor-top-column elementor-element elementor-element-626cece\" data-id=\"626cece\" data-element_type=\"column\" data-e-type=\"column\">\n\t\t\t<div class=\"elementor-widget-wrap elementor-element-populated\">\n\t\t\t\t\t\t<div class=\"elementor-element elementor-element-6c583c0 elementor-arrows-position-inside elementor-widget elementor-widget-image-carousel\" data-id=\"6c583c0\" data-element_type=\"widget\" data-e-type=\"widget\" data-settings=\"{&quot;navigation&quot;:&quot;arrows&quot;,&quot;lazyload&quot;:&quot;yes&quot;,&quot;autoplay_speed&quot;:3000,&quot;speed&quot;:900,&quot;autoplay&quot;:&quot;yes&quot;,&quot;pause_on_hover&quot;:&quot;yes&quot;,&quot;pause_on_interaction&quot;:&quot;yes&quot;,&quot;infinite&quot;:&quot;yes&quot;}\" data-widget_type=\"image-carousel.default\">\n\t\t\t\t<div class=\"elementor-widget-container\">\n\t\t\t\t\t\t\t<div class=\"elementor-image-carousel-wrapper swiper\" role=\"region\" aria-roledescription=\"carousel\" aria-label=\"Image Carousel\" dir=\"ltr\">\n\t\t\t<div class=\"elementor-image-carousel swiper-wrapper\" aria-live=\"off\">\n\t\t\t\t\t\t\t\t<div class=\"swiper-slide\" role=\"group\" aria-roledescription=\"slide\" aria-label=\"1 of 14\"><figure class=\"swiper-slide-inner\"><img class=\"swiper-slide-image swiper-lazy\" data-src=\"https:\/\/pianosladek.com\/wp-content\/uploads\/2022\/06\/jakub-sladek-recital-moravian-autumn-1.jpg\" alt=\"Jakub Sladek Piano Recital at the Moravian Autumn Festival in Brno\" \/><div class=\"swiper-lazy-preloader\"><\/div><\/figure><\/div><div class=\"swiper-slide\" role=\"group\" aria-roledescription=\"slide\" aria-label=\"2 of 14\"><figure class=\"swiper-slide-inner\"><img class=\"swiper-slide-image swiper-lazy\" data-src=\"https:\/\/pianosladek.com\/wp-content\/uploads\/2022\/06\/jakub-sladek-concert-pkf-schumann-1.jpg\" alt=\"Jakub Sladek performing Schumann Piano Concerto in A minor with the Prague Philharmonia\" \/><div class=\"swiper-lazy-preloader\"><\/div><\/figure><\/div><div class=\"swiper-slide\" role=\"group\" aria-roledescription=\"slide\" aria-label=\"3 of 14\"><figure class=\"swiper-slide-inner\"><img class=\"swiper-slide-image swiper-lazy\" data-src=\"https:\/\/pianosladek.com\/wp-content\/uploads\/2022\/06\/jakub-sladek-recital-moravian-autumn-2.jpg\" alt=\"Jakub Sladek Piano Recital at the Moravian Autumn Festival in Brno\" \/><div class=\"swiper-lazy-preloader\"><\/div><\/figure><\/div><div class=\"swiper-slide\" role=\"group\" aria-roledescription=\"slide\" aria-label=\"4 of 14\"><figure class=\"swiper-slide-inner\"><img class=\"swiper-slide-image swiper-lazy\" data-src=\"https:\/\/pianosladek.com\/wp-content\/uploads\/2022\/06\/jakub-sladek-recital-allegretto-festival-1.jpg\" alt=\"Jakub Sladek Piano Recital at the Allegretto Festival in Zilina, Slovakia, photo by Roderik Kucavik\" \/><div class=\"swiper-lazy-preloader\"><\/div><\/figure><\/div><div class=\"swiper-slide\" role=\"group\" aria-roledescription=\"slide\" aria-label=\"5 of 14\"><figure class=\"swiper-slide-inner\"><img class=\"swiper-slide-image swiper-lazy\" data-src=\"https:\/\/pianosladek.com\/wp-content\/uploads\/2022\/06\/jakub-sladek-concert-moravian-philharmonic-martinu.jpg\" alt=\"Jakub Sladek performing Martinu Concerto da Camera with the Moravian Philharmonic\" \/><div class=\"swiper-lazy-preloader\"><\/div><\/figure><\/div><div class=\"swiper-slide\" role=\"group\" aria-roledescription=\"slide\" aria-label=\"6 of 14\"><figure class=\"swiper-slide-inner\"><img class=\"swiper-slide-image swiper-lazy\" data-src=\"https:\/\/pianosladek.com\/wp-content\/uploads\/2022\/06\/jakub-sladek-recital-moravian-autumn-5.jpg\" alt=\"Jakub Sladek Piano Recital at the Moravian Autumn Festival in Brno\" \/><div class=\"swiper-lazy-preloader\"><\/div><\/figure><\/div><div class=\"swiper-slide\" role=\"group\" aria-roledescription=\"slide\" aria-label=\"7 of 14\"><figure class=\"swiper-slide-inner\"><img class=\"swiper-slide-image swiper-lazy\" data-src=\"https:\/\/pianosladek.com\/wp-content\/uploads\/2022\/06\/jakub-sladek-concert-pkf-schumann-2.jpg\" alt=\"Jakub Sladek performing Schumann Piano Concerto in A minor with the Prague Philharmonia\" \/><div class=\"swiper-lazy-preloader\"><\/div><\/figure><\/div><div class=\"swiper-slide\" role=\"group\" aria-roledescription=\"slide\" aria-label=\"8 of 14\"><figure class=\"swiper-slide-inner\"><img class=\"swiper-slide-image swiper-lazy\" data-src=\"https:\/\/pianosladek.com\/wp-content\/uploads\/2022\/06\/jakub-sladek-concert-allegretto-festival-belfiato.jpg\" alt=\"Jakub Sladek performing Mozart Wind Quintet with Belfiato Quintet at Allegretto Festival, photo by Roderik Kucavik\" \/><div class=\"swiper-lazy-preloader\"><\/div><\/figure><\/div><div class=\"swiper-slide\" role=\"group\" aria-roledescription=\"slide\" aria-label=\"9 of 14\"><figure class=\"swiper-slide-inner\"><img class=\"swiper-slide-image swiper-lazy\" data-src=\"https:\/\/pianosladek.com\/wp-content\/uploads\/2022\/06\/jakub-sladek-recital-moravian-autumn-7.jpg\" alt=\"Jakub Sladek Piano Recital at the Moravian Autumn Festival in Brno\" \/><div class=\"swiper-lazy-preloader\"><\/div><\/figure><\/div><div class=\"swiper-slide\" role=\"group\" aria-roledescription=\"slide\" aria-label=\"10 of 14\"><figure class=\"swiper-slide-inner\"><img class=\"swiper-slide-image swiper-lazy\" data-src=\"https:\/\/pianosladek.com\/wp-content\/uploads\/2022\/06\/jakub-sladek-recital-moravian-autumn-4.jpg\" alt=\"Jakub Sladek Piano Recital at the Moravian Autumn Festival in Brno\" \/><div class=\"swiper-lazy-preloader\"><\/div><\/figure><\/div><div class=\"swiper-slide\" role=\"group\" aria-roledescription=\"slide\" aria-label=\"11 of 14\"><figure class=\"swiper-slide-inner\"><img class=\"swiper-slide-image swiper-lazy\" data-src=\"https:\/\/pianosladek.com\/wp-content\/uploads\/2022\/06\/jakub-sladek-recital-allegretto-festival-2.jpg\" alt=\"Jakub Sladek Piano Recital at the Allegretto Festival in Zilina, Slovakia, photo by Roderik Kucavik\" \/><div class=\"swiper-lazy-preloader\"><\/div><\/figure><\/div><div class=\"swiper-slide\" role=\"group\" aria-roledescription=\"slide\" aria-label=\"12 of 14\"><figure class=\"swiper-slide-inner\"><img class=\"swiper-slide-image swiper-lazy\" data-src=\"https:\/\/pianosladek.com\/wp-content\/uploads\/2022\/06\/jakub-sladek-recital-allegretto-festival-3.jpg\" alt=\"Jakub Sladek Piano Recital at the Allegretto Festival in Zilina, Slovakia, photo by Roderik Kucavik\" \/><div class=\"swiper-lazy-preloader\"><\/div><\/figure><\/div><div class=\"swiper-slide\" role=\"group\" aria-roledescription=\"slide\" aria-label=\"13 of 14\"><figure class=\"swiper-slide-inner\"><img class=\"swiper-slide-image swiper-lazy\" data-src=\"https:\/\/pianosladek.com\/wp-content\/uploads\/2022\/06\/jakub-sladek-portrait-mirror.jpg\" alt=\"Jakub Sladek Pianist mirror portrait in black and white, photo by Vojtech Kaba\" \/><div class=\"swiper-lazy-preloader\"><\/div><\/figure><\/div><div class=\"swiper-slide\" role=\"group\" aria-roledescription=\"slide\" aria-label=\"14 of 14\"><figure class=\"swiper-slide-inner\"><img class=\"swiper-slide-image swiper-lazy\" data-src=\"https:\/\/pianosladek.com\/wp-content\/uploads\/2022\/06\/jakub-sladek-recital-allegretto-festival-4.jpg\" alt=\"Jakub Sladek Piano Recital at the Allegretto Festival in Zilina, Slovakia, photo by Roderik Kucavik\" \/><div class=\"swiper-lazy-preloader\"><\/div><\/figure><\/div>\t\t\t<\/div>\n\t\t\t\t\t\t\t\t\t\t\t\t<div class=\"elementor-swiper-button elementor-swiper-button-prev\" role=\"button\" tabindex=\"0\">\n\t\t\t\t\t\t<i aria-hidden=\"true\" class=\"eicon-chevron-left\"><\/i>\t\t\t\t\t<\/div>\n\t\t\t\t\t<div class=\"elementor-swiper-button elementor-swiper-button-next\" role=\"button\" tabindex=\"0\">\n\t\t\t\t\t\t<i aria-hidden=\"true\" class=\"eicon-chevron-right\"><\/i>\t\t\t\t\t<\/div>\n\t\t\t\t\n\t\t\t\t\t\t\t\t\t<\/div>\n\t\t\t\t\t\t<\/div>\n\t\t\t\t<\/div>\n\t\t\t\t\t<\/div>\n\t\t<\/div>\n\t\t\t\t\t<\/div>\n\t\t<\/section>\n\t\t\t\t<\/div>","protected":false},"excerpt":{"rendered":"<p>pianist Praised for his compelling artistry and wide-ranging repertoire, Czech pianist Jakub Sl\u00e1dek has performed across Europe, from Germany, Austria and France to Spain, Greece, and the UK. His first solo performance with orchestra came at the age of ten; since then, he has appeared as soloist with the Brno Philharmonic, the Brno Symphony Orchestra, [&hellip;]<\/p>\n","protected":false},"author":1,"featured_media":0,"parent":0,"menu_order":0,"comment_status":"closed","ping_status":"closed","template":"","meta":{"nf_dc_page":"","_monsterinsights_skip_tracking":false,"_monsterinsights_sitenote_active":false,"_monsterinsights_sitenote_note":"","_monsterinsights_sitenote_category":0,"site-sidebar-layout":"no-sidebar","site-content-layout":"page-builder","ast-site-content-layout":"default","site-content-style":"default","site-sidebar-style":"default","ast-global-header-display":"","ast-banner-title-visibility":"","ast-main-header-display":"","ast-hfb-above-header-display":"","ast-hfb-below-header-display":"","ast-hfb-mobile-header-display":"","site-post-title":"disabled","ast-breadcrumbs-content":"disabled","ast-featured-img":"disabled","footer-sml-layout":"","ast-disable-related-posts":"","theme-transparent-header-meta":"enabled","adv-header-id-meta":"","stick-header-meta":"","header-above-stick-meta":"","header-main-stick-meta":"","header-below-stick-meta":"","astra-migrate-meta-layouts":"default","ast-page-background-enabled":"default","ast-page-background-meta":{"desktop":{"background-color":"","background-image":"","background-repeat":"repeat","background-position":"center center","background-size":"auto","background-attachment":"scroll","background-type":"","background-media":"","overlay-type":"","overlay-color":"","overlay-opacity":"","overlay-gradient":""},"tablet":{"background-color":"","background-image":"","background-repeat":"repeat","background-position":"center center","background-size":"auto","background-attachment":"scroll","background-type":"","background-media":"","overlay-type":"","overlay-color":"","overlay-opacity":"","overlay-gradient":""},"mobile":{"background-color":"","background-image":"","background-repeat":"repeat","background-position":"center center","background-size":"auto","background-attachment":"scroll","background-type":"","background-media":"","overlay-type":"","overlay-color":"","overlay-opacity":"","overlay-gradient":""}},"ast-content-background-meta":{"desktop":{"background-color":"var(--ast-global-color-5)","background-image":"","background-repeat":"repeat","background-position":"center center","background-size":"auto","background-attachment":"scroll","background-type":"","background-media":"","overlay-type":"","overlay-color":"","overlay-opacity":"","overlay-gradient":""},"tablet":{"background-color":"var(--ast-global-color-5)","background-image":"","background-repeat":"repeat","background-position":"center center","background-size":"auto","background-attachment":"scroll","background-type":"","background-media":"","overlay-type":"","overlay-color":"","overlay-opacity":"","overlay-gradient":""},"mobile":{"background-color":"var(--ast-global-color-5)","background-image":"","background-repeat":"repeat","background-position":"center center","background-size":"auto","background-attachment":"scroll","background-type":"","background-media":"","overlay-type":"","overlay-color":"","overlay-opacity":"","overlay-gradient":""}},"footnotes":""},"class_list":["post-800","page","type-page","status-publish","hentry"],"aioseo_notices":[],"_links":{"self":[{"href":"https:\/\/pianosladek.com\/cs\/wp-json\/wp\/v2\/pages\/800","targetHints":{"allow":["GET"]}}],"collection":[{"href":"https:\/\/pianosladek.com\/cs\/wp-json\/wp\/v2\/pages"}],"about":[{"href":"https:\/\/pianosladek.com\/cs\/wp-json\/wp\/v2\/types\/page"}],"author":[{"embeddable":true,"href":"https:\/\/pianosladek.com\/cs\/wp-json\/wp\/v2\/users\/1"}],"replies":[{"embeddable":true,"href":"https:\/\/pianosladek.com\/cs\/wp-json\/wp\/v2\/comments?post=800"}],"version-history":[{"count":5,"href":"https:\/\/pianosladek.com\/cs\/wp-json\/wp\/v2\/pages\/800\/revisions"}],"predecessor-version":[{"id":3001,"href":"https:\/\/pianosladek.com\/cs\/wp-json\/wp\/v2\/pages\/800\/revisions\/3001"}],"wp:attachment":[{"href":"https:\/\/pianosladek.com\/cs\/wp-json\/wp\/v2\/media?parent=800"}],"curies":[{"name":"wp","href":"https:\/\/api.w.org\/{rel}","templated":true}]}}